{"id":884,"date":"2025-10-22T12:06:08","date_gmt":"2025-10-22T15:06:08","guid":{"rendered":"https:\/\/geiaimoveis.com.br\/?page_id=884"},"modified":"2025-11-27T13:02:18","modified_gmt":"2025-11-27T16:02:18","slug":"loteadora-incorporadora","status":"publish","type":"page","link":"https:\/\/geiaimoveis.com.br\/index.php\/loteadora-incorporadora\/","title":{"rendered":"Loteadora &#8211; Incorporadora"},"content":{"rendered":"<div data-colibri-id=\"884-c1\" class=\"style-350 style-local-884-c1 position-relative\">\n  <!----><\/p>\n<div data-colibri-component=\"section\" data-colibri-id=\"884-c2\" id=\"initial-content\" class=\"h-section h-section-global-spacing d-flex align-items-lg-center align-items-md-center align-items-center style-351 style-local-884-c2 position-relative\">\n    <!----><br \/>\n    <!----><\/p>\n<div class=\"h-section-grid-container h-section-boxed-container\">\n      <!----><\/p>\n<div data-colibri-id=\"884-c3\" class=\"h-row-container gutters-row-lg-2 gutters-row-md-2 gutters-row-0 gutters-row-v-lg-2 gutters-row-v-md-2 gutters-row-v-2 style-352 style-local-884-c3 position-relative\">\n        <!----><\/p>\n<div class=\"h-row justify-content-lg-center justify-content-md-center justify-content-center align-items-lg-stretch align-items-md-stretch align-items-stretch gutters-col-lg-2 gutters-col-md-2 gutters-col-0 gutters-col-v-lg-2 gutters-col-v-md-2 gutters-col-v-2\">\n          <!----><\/p>\n<div class=\"h-column h-column-container d-flex h-col-lg-auto h-col-md-auto h-col-auto style-353-outer style-local-884-c4-outer\">\n<div data-colibri-id=\"884-c4\" class=\"d-flex h-flex-basis h-column__inner h-px-lg-2 h-px-md-2 h-px-2 v-inner-lg-2 v-inner-md-2 v-inner-2 style-353 style-local-884-c4 position-relative\">\n              <!----><br \/>\n              <!----><\/p>\n<div class=\"w-100 h-y-container h-column__content h-column__v-align flex-basis-100 align-self-lg-center align-self-md-center align-self-center\">\n                <!----><\/p>\n<div data-colibri-id=\"884-c5\" class=\"style-354 style-local-884-c5 position-relative h-element\">\n                  <!----><\/p>\n<div>\n\n\n<p>A GEIA IM\u00d3VEIS trabalha como gestora t\u00e9cnica e jur\u00eddica de todo o processo de regulariza\u00e7\u00e3o e incorpora\u00e7\u00e3o, integrando as etapas de: <br>1. An\u00e1lise e diagn\u00f3stico documental do im\u00f3vel; <br>2. Protocolo e tramita\u00e7\u00e3o administrativa; <br>3. Atendimento de exig\u00eancias e complementa\u00e7\u00f5es; <br>4. Registro e finaliza\u00e7\u00e3o do processo.<\/p>\n\n\n\n<p>Nosso compromisso \u00e9 facilitar o caminho do empreendedor, garantindo que cada etapa ocorra com transpar\u00eancia, conformidade legal e total controle administrativo.<\/p>\n\n\n\n<p><strong>Por que contar com a GEIA IM\u00d3VEIS<\/strong>\n                      <br>\u2022 Experi\u00eancia em tramita\u00e7\u00e3o e acompanhamento de processos complexos;\n                      <br>\u2022 Integra\u00e7\u00e3o direta com \u00f3rg\u00e3os p\u00fablicos e cart\u00f3rios;\n                      <br>\u2022 Redu\u00e7\u00e3o de custos e prazos com gest\u00e3o estrat\u00e9gica e preventiva;\n                      <br>\u2022 Atendimento personalizado e acompanhamento em tempo real.<\/p>\n\n\n\n<p>Com a GEIA IM\u00d3VEIS, o empreendedor tem a tranquilidade de contar com uma equipe que assume toda a gest\u00e3o regulat\u00f3ria do empreendimento, transformando etapas burocr\u00e1ticas em resultados concretos&nbsp;e&nbsp;seguros.<\/p>\n\n\n<\/div><\/div>\n<\/p><\/div>\n<\/p><\/div>\n<\/p><\/div>\n<\/p><\/div>\n<\/p><\/div>\n<\/p><\/div>\n<\/p><\/div>\n<\/div>","protected":false},"excerpt":{"rendered":"<p>A GEIA IM\u00d3VEIS trabalha como gestora t\u00e9cnica e jur\u00eddica de todo o processo de regulariza\u00e7\u00e3o e incorpora\u00e7\u00e3o, integrando as etapas de: 1. An\u00e1lise e diagn\u00f3stico documental do im\u00f3vel; 2. Protocolo e tramita\u00e7\u00e3o administrativa; 3. Atendimento de exig\u00eancias e complementa\u00e7\u00f5es; 4. Registro e finaliza\u00e7\u00e3o do processo. Nosso compromisso \u00e9 facilitar o caminho do empreendedor, garantindo que [&hellip;]<\/p>\n","protected":false},"author":1,"featured_media":0,"parent":0,"menu_order":0,"comment_status":"closed","ping_status":"closed","template":"page-templates\/full-width-page.php","meta":{"footnotes":""},"class_list":["post-884","page","type-page","status-publish","hentry"],"_links":{"self":[{"href":"https:\/\/geiaimoveis.com.br\/index.php\/wp-json\/wp\/v2\/pages\/884","targetHints":{"allow":["GET"]}}],"collection":[{"href":"https:\/\/geiaimoveis.com.br\/index.php\/wp-json\/wp\/v2\/pages"}],"about":[{"href":"https:\/\/geiaimoveis.com.br\/index.php\/wp-json\/wp\/v2\/types\/page"}],"author":[{"embeddable":true,"href":"https:\/\/geiaimoveis.com.br\/index.php\/wp-json\/wp\/v2\/users\/1"}],"replies":[{"embeddable":true,"href":"https:\/\/geiaimoveis.com.br\/index.php\/wp-json\/wp\/v2\/comments?post=884"}],"version-history":[{"count":9,"href":"https:\/\/geiaimoveis.com.br\/index.php\/wp-json\/wp\/v2\/pages\/884\/revisions"}],"predecessor-version":[{"id":2447,"href":"https:\/\/geiaimoveis.com.br\/index.php\/wp-json\/wp\/v2\/pages\/884\/revisions\/2447"}],"wp:attachment":[{"href":"https:\/\/geiaimoveis.com.br\/index.php\/wp-json\/wp\/v2\/media?parent=884"}],"curies":[{"name":"wp","href":"https:\/\/api.w.org\/{rel}","templated":true}]}}